{"id":809,"date":"2019-05-22T08:54:13","date_gmt":"2019-05-22T08:54:13","guid":{"rendered":"https:\/\/demo.ovatheme.com\/constrau\/?page_id=809"},"modified":"2026-02-23T22:57:52","modified_gmt":"2026-02-23T22:57:52","slug":"contact-us-2","status":"publish","type":"page","link":"https:\/\/autronicpower.com\/en\/contact-us-2\/","title":{"rendered":"Contact"},"content":{"rendered":"<div data-elementor-type=\"wp-post\" data-elementor-id=\"809\" class=\"elementor elementor-809\" data-elementor-settings=\"{&quot;ha_cmc_init_switcher&quot;:&quot;no&quot;}\" data-elementor-post-type=\"page\">\n\t\t\t\t\t\t<section class=\"elementor-section elementor-top-section elementor-element elementor-element-44276d3 elementor-section-boxed elementor-section-height-default elementor-section-height-default\" data-id=\"44276d3\" data-element_type=\"section\" data-settings=\"{&quot;_ha_eqh_enable&quot;:false}\">\n\t\t\t\t\t\t<div class=\"elementor-container elementor-column-gap-default\">\n\t\t\t\t\t<div class=\"elementor-column elementor-col-50 elementor-top-column elementor-element elementor-element-184fe03\" data-id=\"184fe03\" data-element_type=\"column\">\n\t\t\t<div class=\"elementor-widget-wrap elementor-element-populated\">\n\t\t\t\t\t\t<div class=\"elementor-element elementor-element-7757dd0 elementor-widget elementor-widget-ova_heading\" data-id=\"7757dd0\" data-element_type=\"widget\" data-widget_type=\"ova_heading.default\">\n\t\t\t\t<div class=\"elementor-widget-container\">\n\t\t\t\t\t<div class=\"ova-heading\">\n\t\t\t\t\t\t\t<h4 class=\"sub-title second_font\"><span><\/span>Projects that transcend<\/h4>\n\t\t\t\t\t\t\t\t\t\t<h3 class=\"title second_font\">Contact Us<\/h3>\n\t\t\t\n\t\t\t\t\t\t\t<div class=\"desc\"><p>Telefono: 614 483 0077<\/p><p>Correo elect\u00f3nico: ventas@autronic.com.mx<\/p><\/div>\n\t\t\t\t\t\t\t\t<\/div>\n\t\t\t\t<\/div>\n\t\t\t\t<\/div>\n\t\t\t\t\t<\/div>\n\t\t<\/div>\n\t\t\t\t<div class=\"elementor-column elementor-col-50 elementor-top-column elementor-element elementor-element-c435a77\" data-id=\"c435a77\" data-element_type=\"column\">\n\t\t\t<div class=\"elementor-widget-wrap elementor-element-populated\">\n\t\t\t\t\t\t<section class=\"elementor-section elementor-inner-section elementor-element elementor-element-5bd18db elementor-section-boxed elementor-section-height-default elementor-section-height-default\" data-id=\"5bd18db\" data-element_type=\"section\" data-settings=\"{&quot;_ha_eqh_enable&quot;:false}\">\n\t\t\t\t\t\t<div class=\"elementor-container elementor-column-gap-default\">\n\t\t\t\t\t<div class=\"elementor-column elementor-col-50 elementor-inner-column elementor-element elementor-element-a6c523f\" data-id=\"a6c523f\" data-element_type=\"column\">\n\t\t\t<div class=\"elementor-widget-wrap elementor-element-populated\">\n\t\t\t\t\t\t<div class=\"elementor-element elementor-element-07904f9 elementor-widget elementor-widget-ova_contact\" data-id=\"07904f9\" data-element_type=\"widget\" data-widget_type=\"ova_contact.default\">\n\t\t\t\t<div class=\"elementor-widget-container\">\n\t\t\t\t\t\t\t\t<div class=\"ova-contact version_2\">\n\t\t\t\t\t\t\t\t\t\t\t\t\t<div class=\"ova-title\">\n\t\t\t\t\t\t<p class=\"title\">Office<\/p>\n\t\t\t\t\t<\/div>\n\t\t\t\t\t\t\t\t<ul class=\"contact\">\n\t\t\t\t\t\t\t\t\t\t\t<li>Av. Rudyard Kipling 11509, Complejo Industrial Chihuahua, Chihuahua, Chih. M\u00e9xico CP 31109<\/li>\n\t\t\t\t\t\t\t\t\t\t\t\t<\/ul>\n\t\t<\/div>\n\t\t\t\t<\/div>\n\t\t\t\t<\/div>\n\t\t\t\t\t<\/div>\n\t\t<\/div>\n\t\t\t\t<div class=\"elementor-column elementor-col-50 elementor-inner-column elementor-element elementor-element-6d51b52\" data-id=\"6d51b52\" data-element_type=\"column\">\n\t\t\t<div class=\"elementor-widget-wrap elementor-element-populated\">\n\t\t\t\t\t\t<div class=\"elementor-element elementor-element-f8b98af elementor-widget__width-initial elementor-widget elementor-widget-ova_contact\" data-id=\"f8b98af\" data-element_type=\"widget\" data-widget_type=\"ova_contact.default\">\n\t\t\t\t<div class=\"elementor-widget-container\">\n\t\t\t\t\t\t\t\t<div class=\"ova-contact version_2\">\n\t\t\t\t\t\t\t\t\t\t\t\t\t<div class=\"ova-title\">\n\t\t\t\t\t\t<p class=\"title\">Contact<\/p>\n\t\t\t\t\t<\/div>\n\t\t\t\t\t\t\t\t<ul class=\"contact\">\n\t\t\t\t\t\t\t\t\t\t\t<li><a href='tel:#'>+52 614 483 0077<\/a><\/li>\n\t\t\t\t\t\t\t\t\t\t\t<li><a href='mailto:#'>contacto@autronic.com.mx<\/a><\/li>\n\t\t\t\t\t\t\t\t\t\t\t\t<\/ul>\n\t\t<\/div>\n\t\t\t\t<\/div>\n\t\t\t\t<\/div>\n\t\t\t\t\t<\/div>\n\t\t<\/div>\n\t\t\t\t\t<\/div>\n\t\t<\/section>\n\t\t\t\t<div class=\"elementor-element elementor-element-942bb81 elementor-widget elementor-widget-google_maps\" data-id=\"942bb81\" data-element_type=\"widget\" data-widget_type=\"google_maps.default\">\n\t\t\t\t<div class=\"elementor-widget-container\">\n\t\t\t\t\t<div class=\"elementor-custom-embed\">\n\t\t\t<iframe loading=\"lazy\"\n\t\t\t\t\tsrc=\"https:\/\/maps.google.com\/maps?q=Av.%20Rudyard%20Kipling%2011509%2C%20Complejo%20Industrial%20Chihuahua%2C%20Chihuahua%2CChih.%2C%20M%C3%A9xico%20CP%2031109.&#038;t=m&#038;z=15&#038;output=embed&#038;iwloc=near\"\n\t\t\t\t\ttitle=\"Av. Rudyard Kipling 11509, Complejo Industrial Chihuahua, Chihuahua,Chih., M\u00e9xico CP 31109.\"\n\t\t\t\t\taria-label=\"Av. Rudyard Kipling 11509, Complejo Industrial Chihuahua, Chihuahua,Chih., M\u00e9xico CP 31109.\"\n\t\t\t><\/iframe>\n\t\t<\/div>\n\t\t\t\t<\/div>\n\t\t\t\t<\/div>\n\t\t\t\t\t<\/div>\n\t\t<\/div>\n\t\t\t\t\t<\/div>\n\t\t<\/section>\n\t\t\t\t<\/div>","protected":false},"excerpt":{"rendered":"<p>Proyectos que trascienden Cont\u00e1ctanos Telefono: 614 483 0077 Correo elect\u00f3nico: ventas@autronic.com.mx Oficinas Av. Rudyard Kipling 11509, Complejo Industrial Chihuahua, Chihuahua, Chih. M\u00e9xico CP 31109 Contacto +52 614 483 0077 contacto@autronic.com.mx<\/p>","protected":false},"author":1,"featured_media":0,"parent":0,"menu_order":0,"comment_status":"closed","ping_status":"closed","template":"elementor_header_footer","meta":{"_joinchat":[],"footnotes":""},"class_list":["post-809","page","type-page","status-publish","hentry"],"_links":{"self":[{"href":"https:\/\/autronicpower.com\/en\/wp-json\/wp\/v2\/pages\/809","targetHints":{"allow":["GET"]}}],"collection":[{"href":"https:\/\/autronicpower.com\/en\/wp-json\/wp\/v2\/pages"}],"about":[{"href":"https:\/\/autronicpower.com\/en\/wp-json\/wp\/v2\/types\/page"}],"author":[{"embeddable":true,"href":"https:\/\/autronicpower.com\/en\/wp-json\/wp\/v2\/users\/1"}],"replies":[{"embeddable":true,"href":"https:\/\/autronicpower.com\/en\/wp-json\/wp\/v2\/comments?post=809"}],"version-history":[{"count":20,"href":"https:\/\/autronicpower.com\/en\/wp-json\/wp\/v2\/pages\/809\/revisions"}],"predecessor-version":[{"id":3808,"href":"https:\/\/autronicpower.com\/en\/wp-json\/wp\/v2\/pages\/809\/revisions\/3808"}],"wp:attachment":[{"href":"https:\/\/autronicpower.com\/en\/wp-json\/wp\/v2\/media?parent=809"}],"curies":[{"name":"wp","href":"https:\/\/api.w.org\/{rel}","templated":true}]}}